{"id":10211,"date":"2022-06-02T14:58:00","date_gmt":"2022-06-02T12:58:00","guid":{"rendered":"https:\/\/www.debrielscheaap.nl\/tagesordnung\/"},"modified":"2023-10-27T11:24:04","modified_gmt":"2023-10-27T09:24:04","slug":"tagesordnung","status":"publish","type":"page","link":"https:\/\/staging.debrielscheaap.nl\/de\/tagesordnung\/","title":{"rendered":"Tagesordnung"},"content":{"rendered":"<p>[et_pb_section fb_built=&#8220;1&#8243; fullwidth=&#8220;on&#8220; _builder_version=&#8220;4.18.0&#8243; _module_preset=&#8220;default&#8220; background_enable_color=&#8220;off&#8220; background_image=&#8220;https:\/\/staging.debrielscheaap.nl\/wp-content\/uploads\/2022\/08\/03HeaderFotoEvent.jpg&#8220; global_colors_info=&#8220;{}&#8220;][et_pb_fullwidth_image src=&#8220;https:\/\/staging.debrielscheaap.nl\/wp-content\/uploads\/2022\/08\/03HeaderEvent.png&#8220; title_text=&#8220;03KopfzeileEreignis&#8220; _builder_version=&#8220;4.18.0&#8243; _module_preset=&#8220;default&#8220; background_image=&#8220;https:\/\/staging.debrielscheaap.nl\/wp-content\/uploads\/2021\/12\/sight-seeing-52.png&#8220; global_colors_info=&#8220;{}&#8220;][\/et_pb_fullwidth_image][\/et_pb_section][et_pb_section fb_built=&#8220;1&#8243; _builder_version=&#8220;4.17.4&#8243; _module_preset=&#8220;default&#8220; custom_padding=&#8220;1px||0px|||&#8220; global_colors_info=&#8220;{}&#8220;][et_pb_row _builder_version=&#8220;4.16&#8243; custom_padding=&#8220;||0px|||&#8220; global_colors_info=&#8220;{}&#8220;][et_pb_column type=&#8220;4_4&#8243; _builder_version=&#8220;4.16&#8243; custom_padding=&#8220;|||&#8220; global_colors_info=&#8220;{}&#8220; custom_padding__hover=&#8220;|||&#8220;][et_pb_menu menu_style=&#8220;centered&#8220; _builder_version=&#8220;4.16&#8243; _module_preset=&#8220;default&#8220; menu_font=&#8220;|800|||||||&#8220; menu_font_size=&#8220;16px&#8220; custom_margin=&#8220;||30px|||&#8220; global_colors_info=&#8220;{}&#8220;][\/et_pb_menu][et_pb_divider color=&#8220;#000000&#8243; divider_weight=&#8220;3px&#8220; _builder_version=&#8220;4.16&#8243; _module_preset=&#8220;default&#8220; module_alignment=&#8220;center&#8220; global_colors_info=&#8220;{}&#8220;][\/et_pb_divider][\/et_pb_column][\/et_pb_row][\/et_pb_section][et_pb_section fb_built=&#8220;1&#8243; admin_label=&#8220;Events&#8220; _builder_version=&#8220;4.16&#8243; custom_padding=&#8220;11px|||||&#8220; global_colors_info=&#8220;{}&#8220;][et_pb_row _builder_version=&#8220;4.17.4&#8243; _module_preset=&#8220;default&#8220; custom_padding=&#8220;0px|||||&#8220; global_colors_info=&#8220;{}&#8220;][et_pb_column type=&#8220;4_4&#8243; _builder_version=&#8220;4.17.4&#8243; _module_preset=&#8220;default&#8220; global_colors_info=&#8220;{}&#8220;][et_pb_text _builder_version=&#8220;4.17.6&#8243; text_font=&#8220;Lato||||||||&#8220; text_font_size=&#8220;22px&#8220; text_line_height=&#8220;1.8em&#8220; header_font=&#8220;santeliass||||||||&#8220; header_font_size=&#8220;80px&#8220; header_line_height=&#8220;1.2em&#8220; custom_padding=&#8220;0px|||||&#8220; text_font_size_tablet=&#8220;&#8220; text_font_size_phone=&#8220;18px&#8220; text_font_size_last_edited=&#8220;on|phone&#8220; header_font_size_tablet=&#8220;60px&#8220; header_font_size_phone=&#8220;36px&#8220; header_font_size_last_edited=&#8220;on|phone&#8220; global_colors_info=&#8220;{}&#8220;]<\/p>\n<h1 style=\"text-align: center;\">Veranstaltungen<\/h1>\n<p>[\/et_pb_text][\/et_pb_column][\/et_pb_row][et_pb_row _builder_version=&#8220;4.17.4&#8243; _module_preset=&#8220;default&#8220; custom_padding=&#8220;0px|||||&#8220; global_colors_info=&#8220;{}&#8220;][et_pb_column type=&#8220;4_4&#8243; _builder_version=&#8220;4.17.4&#8243; _module_preset=&#8220;default&#8220; global_colors_info=&#8220;{}&#8220;][et_pb_code _builder_version=&#8220;4.17.6&#8243; _module_preset=&#8220;default&#8220; custom_margin=&#8220;-119px|||||&#8220; global_colors_info=&#8220;{}&#8220;][tribe_events view=&#8220;list&#8220;][\/et_pb_code][\/et_pb_column][\/et_pb_row][\/et_pb_section][et_pb_section fb_built=&#8220;1&#8243; admin_label=&#8220;Feature&#8220; _builder_version=&#8220;4.16&#8243; use_background_color_gradient=&#8220;on&#8220; background_color_gradient_direction=&#8220;90deg&#8220; background_color_gradient_stops=&#8220;#242e42 0%|rgba(36,46,66,0.8) 61%&#8220; background_color_gradient_overlays_image=&#8220;on&#8220; background_color_gradient_start=&#8220;#242e42&#8243; background_color_gradient_end=&#8220;rgba(36,46,66,0.8)&#8220; background_color_gradient_end_position=&#8220;61%&#8220; background_image=&#8220;https:\/\/staging.debrielscheaap.nl\/wp-content\/uploads\/2021\/12\/105675810_2667944330088053_522080323012964845_n.jpg&#8220; background_position=&#8220;bottom_center&#8220; custom_padding=&#8220;||0px|||&#8220; locked=&#8220;off&#8220; global_colors_info=&#8220;{}&#8220;][et_pb_row column_structure=&#8220;1_2,1_2&#8243; disabled_on=&#8220;on|on|off&#8220; _builder_version=&#8220;4.17.4&#8243; z_index=&#8220;1&#8243; global_colors_info=&#8220;{}&#8220;][et_pb_column type=&#8220;1_2&#8243; _builder_version=&#8220;4.16&#8243; custom_padding=&#8220;|||&#8220; global_colors_info=&#8220;{}&#8220; custom_padding__hover=&#8220;|||&#8220;][et_pb_divider show_divider=&#8220;off&#8220; _builder_version=&#8220;4.17.4&#8243; background_image=&#8220;https:\/\/staging.debrielscheaap.nl\/wp-content\/uploads\/2022\/07\/Tekengebied-1-2.png&#8220; background_size=&#8220;contain&#8220; min_height=&#8220;550px&#8220; min_height_tablet=&#8220;100px&#8220; min_height_phone=&#8220;&#8220; min_height_last_edited=&#8220;on|desktop&#8220; border_color_all=&#8220;#c5ac4b&#8220; border_width_all_tablet=&#8220;&#8220; border_width_all_phone=&#8220;3px&#8220; border_width_all_last_edited=&#8220;on|desktop&#8220; box_shadow_style=&#8220;preset1&#8243; box_shadow_blur=&#8220;33px&#8220; box_shadow_spread=&#8220;22px&#8220; box_shadow_color=&#8220;#242e42&#8243; global_colors_info=&#8220;{}&#8220;][\/et_pb_divider][\/et_pb_column][et_pb_column type=&#8220;1_2&#8243; _builder_version=&#8220;4.16&#8243; custom_padding=&#8220;160px|||&#8220; custom_padding_tablet=&#8220;0px||&#8220; custom_padding_phone=&#8220;0px||&#8220; custom_padding_last_edited=&#8220;on|desktop&#8220; global_colors_info=&#8220;{}&#8220; custom_padding__hover=&#8220;|||&#8220;][et_pb_text _builder_version=&#8220;4.16&#8243; header_font=&#8220;||||||||&#8220; header_2_font=&#8220;Lobster|700|||||||&#8220; header_2_font_size=&#8220;120px&#8220; background_layout=&#8220;dark&#8220; custom_margin=&#8220;|||-400px&#8220; custom_margin_tablet=&#8220;-130px|||0px&#8220; custom_margin_phone=&#8220;-50px||&#8220; custom_margin_last_edited=&#8220;on|tablet&#8220; custom_padding=&#8220;|||306px||&#8220; header_2_font_size_tablet=&#8220;80px&#8220; header_2_font_size_phone=&#8220;40px&#8220; header_2_font_size_last_edited=&#8220;on|phone&#8220; header_2_text_shadow_style=&#8220;preset1&#8243; header_2_text_shadow_color=&#8220;rgba(36,46,66,0.39)&#8220; global_colors_info=&#8220;{}&#8220;]<\/p>\n<h2>Das Paradies gefunden!<\/h2>\n<p>[\/et_pb_text][\/et_pb_column][\/et_pb_row][et_pb_row disabled_on=&#8220;off|off|on&#8220; _builder_version=&#8220;4.17.4&#8243; z_index=&#8220;1&#8243; module_alignment=&#8220;center&#8220; global_colors_info=&#8220;{}&#8220;][et_pb_column type=&#8220;4_4&#8243; _builder_version=&#8220;4.16&#8243; custom_padding=&#8220;160px|||&#8220; custom_padding_tablet=&#8220;0px||&#8220; custom_padding_phone=&#8220;0px||&#8220; custom_padding_last_edited=&#8220;on|desktop&#8220; global_colors_info=&#8220;{}&#8220; custom_padding__hover=&#8220;|||&#8220;][et_pb_text _builder_version=&#8220;4.17.4&#8243; _module_preset=&#8220;default&#8220; header_2_font=&#8220;Lobster||||||||&#8220; header_2_text_color=&#8220;#FFFFFF&#8220; header_2_font_size=&#8220;61px&#8220; global_colors_info=&#8220;{}&#8220;]<\/p>\n<h2 style=\"text-align: center;\">Das Paradies gefunden!<\/h2>\n<p>[\/et_pb_text][\/et_pb_column][\/et_pb_row][et_pb_row _builder_version=&#8220;4.16&#8243; z_index=&#8220;0&#8243; width=&#8220;100%&#8220; max_width=&#8220;none&#8220; custom_padding=&#8220;0px||1px|||&#8220; global_colors_info=&#8220;{}&#8220;][et_pb_column type=&#8220;4_4&#8243; _builder_version=&#8220;4.16&#8243; custom_padding=&#8220;|||&#8220; global_colors_info=&#8220;{}&#8220; custom_padding__hover=&#8220;|||&#8220;][et_pb_image src=&#8220;https:\/\/staging.debrielscheaap.nl\/wp-content\/uploads\/2021\/11\/sight-seeing-49.png&#8220; force_fullwidth=&#8220;on&#8220; _builder_version=&#8220;4.16&#8243; custom_margin=&#8220;-14vw||-1px||false&#8220; custom_margin_tablet=&#8220;0vw|||&#8220; custom_margin_phone=&#8220;&#8220; custom_margin_last_edited=&#8220;on|desktop&#8220; global_colors_info=&#8220;{}&#8220;][\/et_pb_image][\/et_pb_column][\/et_pb_row][\/et_pb_section][et_pb_section fb_built=&#8220;1&#8243; admin_label=&#8220;Video&#8220; _builder_version=&#8220;4.16&#8243; background_color_gradient_direction=&#8220;90deg&#8220; custom_padding=&#8220;100px|||||&#8220; global_colors_info=&#8220;{}&#8220;][et_pb_row padding_top_bottom_link_1=&#8220;false&#8220; padding_left_right_link_1=&#8220;false&#8220; _builder_version=&#8220;4.16&#8243; background_color=&#8220;#c5ac4b&#8220; width_tablet=&#8220;&#8220; width_phone=&#8220;90%&#8220; width_last_edited=&#8220;on|desktop&#8220; max_width=&#8220;none&#8220; module_alignment=&#8220;right&#8220; custom_padding=&#8220;||0px|||&#8220; global_colors_info=&#8220;{}&#8220;][et_pb_column type=&#8220;4_4&#8243; _builder_version=&#8220;4.16&#8243; custom_padding=&#8220;|10vw||&#8220; global_colors_info=&#8220;{}&#8220; custom_padding__hover=&#8220;|||&#8220;][et_pb_video src=&#8220;https:\/\/youtu.be\/pdegU7Hh1aM&#8220; image_src=&#8220;https:\/\/staging.debrielscheaap.nl\/wp-content\/uploads\/2021\/12\/IMG_0588.jpg&#8220; thumbnail_overlay_color=&#8220;rgba(0,0,0,0.6)&#8220; _builder_version=&#8220;4.16&#8243; max_width=&#8220;1000px&#8220; custom_margin=&#8220;-100px|||-8vw||&#8220; custom_margin_tablet=&#8220;|||||false&#8220; custom_margin_phone=&#8220;|||0vw&#8220; custom_margin_last_edited=&#8220;on|phone&#8220; border_width_all=&#8220;9px&#8220; border_color_all=&#8220;#ffffff&#8220; box_shadow_style=&#8220;preset3&#8243; box_shadow_horizontal=&#8220;20px&#8220; box_shadow_vertical=&#8220;60px&#8220; box_shadow_blur=&#8220;180px&#8220; box_shadow_spread=&#8220;-20px&#8220; box_shadow_color=&#8220;rgba(0,0,0,0.64)&#8220; locked=&#8220;off&#8220; global_colors_info=&#8220;{}&#8220;][\/et_pb_video][\/et_pb_column][\/et_pb_row][et_pb_row padding_top_bottom_link_1=&#8220;false&#8220; padding_left_right_link_1=&#8220;false&#8220; _builder_version=&#8220;4.16&#8243; background_color=&#8220;#c5ac4b&#8220; width_tablet=&#8220;&#8220; width_phone=&#8220;100%&#8220; width_last_edited=&#8220;on|desktop&#8220; max_width=&#8220;none&#8220; module_alignment=&#8220;right&#8220; global_colors_info=&#8220;{}&#8220;][et_pb_column type=&#8220;4_4&#8243; _builder_version=&#8220;4.16&#8243; background_color=&#8220;#c5ac4b&#8220; background_color_gradient_direction=&#8220;142deg&#8220; background_color_gradient_start=&#8220;rgba(0,0,0,0.32)&#8220; background_color_gradient_end=&#8220;#c5ac4b&#8220; custom_padding=&#8220;|10vw|80px|100px&#8220; custom_padding_tablet=&#8220;||40px|40px&#8220; custom_padding_phone=&#8220;||40px|40px&#8220; custom_padding_last_edited=&#8220;on|phone&#8220; global_colors_info=&#8220;{}&#8220; custom_padding__hover=&#8220;|||&#8220;][et_pb_text _builder_version=&#8220;4.16&#8243; text_font=&#8220;||||||||&#8220; text_font_size=&#8220;18px&#8220; text_line_height=&#8220;1.9em&#8220; header_font=&#8220;Lobster||||||||&#8220; header_font_size=&#8220;36px&#8220; header_3_font=&#8220;Lato|700|||||||&#8220; header_3_font_size=&#8220;20px&#8220; header_3_line_height=&#8220;1.4em&#8220; background_layout=&#8220;dark&#8220; width=&#8220;100%&#8220; max_width=&#8220;800px&#8220; max_width_tablet=&#8220;100%&#8220; max_width_phone=&#8220;&#8220; max_width_last_edited=&#8220;on|tablet&#8220; custom_margin_tablet=&#8220;||30px&#8220; custom_margin_last_edited=&#8220;off|desktop&#8220; text_font_size_tablet=&#8220;&#8220; text_font_size_phone=&#8220;15px&#8220; text_font_size_last_edited=&#8220;on|phone&#8220; locked=&#8220;off&#8220; global_colors_info=&#8220;{}&#8220;]<\/p>\n<h1><\/h1>\n<h1><\/h1>\n<h1>Garten des Jahres 2020<\/h1>\n<h3 class=\"elementor-heading-title elementor-size-default\"><\/h3>\n<h3 class=\"elementor-heading-title elementor-size-default\">Der Sommer 2020 sollte f\u00fcr alle ein ganz besonderer werden. Aber Musik h\u00f6rt nie auf, und wir konnten es kaum erwarten, sie wieder live mit euch zu teilen.<\/h3>\n<p>[\/et_pb_text][et_pb_text _builder_version=&#8220;4.16&#8243; text_font=&#8220;||||||||&#8220; text_font_size=&#8220;18px&#8220; text_line_height=&#8220;1.9em&#8220; header_3_font=&#8220;Lato|700|||||||&#8220; header_3_font_size=&#8220;20px&#8220; header_3_line_height=&#8220;1.4em&#8220; background_layout=&#8220;dark&#8220; width=&#8220;100%&#8220; max_width=&#8220;800px&#8220; max_width_tablet=&#8220;100%&#8220; max_width_phone=&#8220;&#8220; max_width_last_edited=&#8220;on|tablet&#8220; custom_margin_tablet=&#8220;||30px&#8220; custom_margin_last_edited=&#8220;off|desktop&#8220; text_font_size_tablet=&#8220;&#8220; text_font_size_phone=&#8220;15px&#8220; text_font_size_last_edited=&#8220;on|phone&#8220; locked=&#8220;off&#8220; global_colors_info=&#8220;{}&#8220;]<\/p>\n<h3>Und so entwickelte die Stammesgesellschaft zusammen mit Typhoon The Garden of 2020. Intime Auff\u00fchrungen auf einer wundersch\u00f6nen gr\u00fcnen Insel direkt vor Rotterdam. Auf dem Brielsche Aap konnten Sie K\u00fcnstler wie Typhoon, Snelle, Paul de Leeuw, Chef&#8217;Special, Nick &amp; Simon, Tino Martin und viele andere hautnah erleben. Es war ein Sommer der Wunder!<\/h3>\n<p>[\/et_pb_text][\/et_pb_column][\/et_pb_row][\/et_pb_section][et_pb_section fb_built=&#8220;1&#8243; admin_label=&#8220;CTA&#8220; _builder_version=&#8220;4.16&#8243; background_image=&#8220;https:\/\/staging.debrielscheaap.nl\/wp-content\/uploads\/2021\/12\/IMG_0588.jpg&#8220; parallax=&#8220;on&#8220; custom_margin=&#8220;|||&#8220; custom_padding=&#8220;0px|||&#8220; global_colors_info=&#8220;{}&#8220;][et_pb_row use_custom_gutter=&#8220;on&#8220; gutter_width=&#8220;1&#8243; custom_padding_last_edited=&#8220;on|tablet&#8220; module_class=&#8220; et_pb_row_fullwidth&#8220; _builder_version=&#8220;4.16&#8243; use_background_color_gradient=&#8220;on&#8220; background_color_gradient_stops=&#8220;#ffffff 0%|rgba(255,255,255,0) 22%&#8220; background_color_gradient_start=&#8220;#ffffff&#8220; background_color_gradient_end=&#8220;rgba(255,255,255,0)&#8220; background_color_gradient_end_position=&#8220;22%&#8220; background_size=&#8220;initial&#8220; background_position=&#8220;top_left&#8220; background_repeat=&#8220;repeat&#8220; width=&#8220;100%&#8220; width_tablet=&#8220;100%&#8220; width_phone=&#8220;100%&#8220; width_last_edited=&#8220;on|desktop&#8220; max_width=&#8220;100%&#8220; max_width_tablet=&#8220;100%&#8220; max_width_phone=&#8220;100%&#8220; max_width_last_edited=&#8220;on|desktop&#8220; custom_padding=&#8220;220px|0px|220px|0px&#8220; custom_padding_tablet=&#8220;0px|||&#8220; custom_padding_phone=&#8220;&#8220; make_fullwidth=&#8220;on&#8220; global_colors_info=&#8220;{}&#8220;][et_pb_column type=&#8220;4_4&#8243; _builder_version=&#8220;4.16&#8243; custom_padding=&#8220;|||&#8220; global_colors_info=&#8220;{}&#8220; custom_padding__hover=&#8220;|||&#8220;][et_pb_text disabled_on=&#8220;on|on|off&#8220; _builder_version=&#8220;4.17.6&#8243; _module_preset=&#8220;default&#8220; header_font=&#8220;santeliass|700|||||||&#8220; header_text_align=&#8220;center&#8220; header_text_color=&#8220;#FFFFFF&#8220; header_font_size=&#8220;55px&#8220; header_text_shadow_style=&#8220;preset2&#8243; global_colors_info=&#8220;{}&#8220;]<\/p>\n<h1>Besuchen Sie unsere besondere Insel und genie\u00dfen Sie sie!<\/h1>\n<p>&nbsp;<\/p>\n<p>&nbsp;<\/p>\n<p>[\/et_pb_text][et_pb_text disabled_on=&#8220;off|off|on&#8220; _builder_version=&#8220;4.17.6&#8243; _module_preset=&#8220;default&#8220; header_font=&#8220;santeliass|700|||||||&#8220; header_text_align=&#8220;center&#8220; header_text_color=&#8220;#FFFFFF&#8220; header_font_size=&#8220;38px&#8220; custom_padding=&#8220;116px|||||&#8220; header_text_shadow_style=&#8220;preset2&#8243; global_colors_info=&#8220;{}&#8220;]<\/p>\n<h1>Besuchen Sie unsere besondere Insel und genie\u00dfen Sie sie!<\/h1>\n<p>&nbsp;<\/p>\n<p>&nbsp;<\/p>\n<p>[\/et_pb_text][et_pb_image src=&#8220;https:\/\/staging.debrielscheaap.nl\/wp-content\/uploads\/2021\/11\/couple2.png&#8220; show_bottom_space=&#8220;off&#8220; align=&#8220;center&#8220; align_tablet=&#8220;center&#8220; align_phone=&#8220;center&#8220; align_last_edited=&#8220;on|desktop&#8220; _builder_version=&#8220;4.16&#8243; custom_margin=&#8220;100px|||&#8220; animation_direction=&#8220;left&#8220; global_colors_info=&#8220;{}&#8220;][\/et_pb_image][\/et_pb_column][\/et_pb_row][\/et_pb_section]<\/p>\n","protected":false},"excerpt":{"rendered":"<p>Veranstaltungen[tribe_events view=&#8220;list&#8220;]Das Paradies gefunden! Das Paradies gefunden! Garten des Jahres 2020 Der Sommer 2020 sollte f\u00fcr alle ein ganz besonderer werden. Aber Musik h\u00f6rt nie auf, und wir konnten es kaum erwarten, sie wieder live mit euch zu teilen. Und so entwickelte die Stammesgesellschaft zusammen mit Typhoon The Garden of 2020. Intime Auff\u00fchrungen auf einer [&hellip;]<\/p>\n","protected":false},"author":1,"featured_media":0,"parent":0,"menu_order":0,"comment_status":"closed","ping_status":"closed","template":"page-template-blank.php","meta":{"_et_pb_use_builder":"on","_et_pb_old_content":"","_et_gb_content_width":"","footnotes":""},"class_list":["post-10211","page","type-page","status-publish","hentry"],"yoast_head":"<!-- This site is optimized with the Yoast SEO plugin v27.3 - https:\/\/yoast.com\/product\/yoast-seo-wordpress\/ -->\n<title>Tagesordnung - De Brielsche Aap<\/title>\n<meta name=\"description\" content=\"in dieser Agenda finden Sie einen \u00dcberblick \u00fcber die kommenden kurz- und langfristigen Veranstaltungen, kaufen Sie Ihr Veranstaltungsticket direkt in unserem Shop.\" \/>\n<meta name=\"robots\" content=\"noindex, follow, max-snippet:-1, max-image-preview:large, max-video-preview:-1\" \/>\n<meta property=\"og:locale\" content=\"de_DE\" \/>\n<meta property=\"og:type\" content=\"article\" \/>\n<meta property=\"og:title\" content=\"Tagesordnung - De Brielsche Aap\" \/>\n<meta property=\"og:description\" content=\"in dieser Agenda finden Sie einen \u00dcberblick \u00fcber die kommenden kurz- und langfristigen Veranstaltungen, kaufen Sie Ihr Veranstaltungsticket direkt in unserem Shop.\" \/>\n<meta property=\"og:url\" content=\"https:\/\/staging.debrielscheaap.nl\/de\/tagesordnung\/\" \/>\n<meta property=\"og:site_name\" content=\"De Brielsche Aap\" \/>\n<meta property=\"article:publisher\" content=\"https:\/\/www.facebook.com\/debrielscheaap\" \/>\n<meta property=\"article:modified_time\" content=\"2023-10-27T09:24:04+00:00\" \/>\n<meta name=\"twitter:card\" content=\"summary_large_image\" \/>\n<meta name=\"twitter:label1\" content=\"Gesch\u00e4tzte Lesezeit\" \/>\n\t<meta name=\"twitter:data1\" content=\"8\u00a0Minuten\" \/>\n<script type=\"application\/ld+json\" class=\"yoast-schema-graph\">{\"@context\":\"https:\\\/\\\/schema.org\",\"@graph\":[{\"@type\":\"WebPage\",\"@id\":\"https:\\\/\\\/staging.debrielscheaap.nl\\\/de\\\/tagesordnung\\\/\",\"url\":\"https:\\\/\\\/staging.debrielscheaap.nl\\\/de\\\/tagesordnung\\\/\",\"name\":\"Tagesordnung - De Brielsche Aap\",\"isPartOf\":{\"@id\":\"https:\\\/\\\/staging.debrielscheaap.nl\\\/de\\\/#website\"},\"datePublished\":\"2022-06-02T12:58:00+00:00\",\"dateModified\":\"2023-10-27T09:24:04+00:00\",\"description\":\"in dieser Agenda finden Sie einen \u00dcberblick \u00fcber die kommenden kurz- und langfristigen Veranstaltungen, kaufen Sie Ihr Veranstaltungsticket direkt in unserem Shop.\",\"breadcrumb\":{\"@id\":\"https:\\\/\\\/staging.debrielscheaap.nl\\\/de\\\/tagesordnung\\\/#breadcrumb\"},\"inLanguage\":\"de\",\"potentialAction\":[{\"@type\":\"ReadAction\",\"target\":[\"https:\\\/\\\/staging.debrielscheaap.nl\\\/de\\\/tagesordnung\\\/\"]}]},{\"@type\":\"BreadcrumbList\",\"@id\":\"https:\\\/\\\/staging.debrielscheaap.nl\\\/de\\\/tagesordnung\\\/#breadcrumb\",\"itemListElement\":[{\"@type\":\"ListItem\",\"position\":1,\"name\":\"Home\",\"item\":\"https:\\\/\\\/staging.debrielscheaap.nl\\\/de\\\/startseite\\\/\"},{\"@type\":\"ListItem\",\"position\":2,\"name\":\"Tagesordnung\"}]},{\"@type\":\"WebSite\",\"@id\":\"https:\\\/\\\/staging.debrielscheaap.nl\\\/de\\\/#website\",\"url\":\"https:\\\/\\\/staging.debrielscheaap.nl\\\/de\\\/\",\"name\":\"De Brielsche Aap\",\"description\":\"You have found Paradise!\",\"potentialAction\":[{\"@type\":\"SearchAction\",\"target\":{\"@type\":\"EntryPoint\",\"urlTemplate\":\"https:\\\/\\\/staging.debrielscheaap.nl\\\/de\\\/?s={search_term_string}\"},\"query-input\":{\"@type\":\"PropertyValueSpecification\",\"valueRequired\":true,\"valueName\":\"search_term_string\"}}],\"inLanguage\":\"de\"}]}<\/script>\n<!-- \/ Yoast SEO plugin. -->","yoast_head_json":{"title":"Tagesordnung - De Brielsche Aap","description":"in dieser Agenda finden Sie einen \u00dcberblick \u00fcber die kommenden kurz- und langfristigen Veranstaltungen, kaufen Sie Ihr Veranstaltungsticket direkt in unserem Shop.","robots":{"index":"noindex","follow":"follow","max-snippet":"max-snippet:-1","max-image-preview":"max-image-preview:large","max-video-preview":"max-video-preview:-1"},"og_locale":"de_DE","og_type":"article","og_title":"Tagesordnung - De Brielsche Aap","og_description":"in dieser Agenda finden Sie einen \u00dcberblick \u00fcber die kommenden kurz- und langfristigen Veranstaltungen, kaufen Sie Ihr Veranstaltungsticket direkt in unserem Shop.","og_url":"https:\/\/staging.debrielscheaap.nl\/de\/tagesordnung\/","og_site_name":"De Brielsche Aap","article_publisher":"https:\/\/www.facebook.com\/debrielscheaap","article_modified_time":"2023-10-27T09:24:04+00:00","twitter_card":"summary_large_image","twitter_misc":{"Gesch\u00e4tzte Lesezeit":"8\u00a0Minuten"},"schema":{"@context":"https:\/\/schema.org","@graph":[{"@type":"WebPage","@id":"https:\/\/staging.debrielscheaap.nl\/de\/tagesordnung\/","url":"https:\/\/staging.debrielscheaap.nl\/de\/tagesordnung\/","name":"Tagesordnung - De Brielsche Aap","isPartOf":{"@id":"https:\/\/staging.debrielscheaap.nl\/de\/#website"},"datePublished":"2022-06-02T12:58:00+00:00","dateModified":"2023-10-27T09:24:04+00:00","description":"in dieser Agenda finden Sie einen \u00dcberblick \u00fcber die kommenden kurz- und langfristigen Veranstaltungen, kaufen Sie Ihr Veranstaltungsticket direkt in unserem Shop.","breadcrumb":{"@id":"https:\/\/staging.debrielscheaap.nl\/de\/tagesordnung\/#breadcrumb"},"inLanguage":"de","potentialAction":[{"@type":"ReadAction","target":["https:\/\/staging.debrielscheaap.nl\/de\/tagesordnung\/"]}]},{"@type":"BreadcrumbList","@id":"https:\/\/staging.debrielscheaap.nl\/de\/tagesordnung\/#breadcrumb","itemListElement":[{"@type":"ListItem","position":1,"name":"Home","item":"https:\/\/staging.debrielscheaap.nl\/de\/startseite\/"},{"@type":"ListItem","position":2,"name":"Tagesordnung"}]},{"@type":"WebSite","@id":"https:\/\/staging.debrielscheaap.nl\/de\/#website","url":"https:\/\/staging.debrielscheaap.nl\/de\/","name":"De Brielsche Aap","description":"You have found Paradise!","potentialAction":[{"@type":"SearchAction","target":{"@type":"EntryPoint","urlTemplate":"https:\/\/staging.debrielscheaap.nl\/de\/?s={search_term_string}"},"query-input":{"@type":"PropertyValueSpecification","valueRequired":true,"valueName":"search_term_string"}}],"inLanguage":"de"}]}},"_links":{"self":[{"href":"https:\/\/staging.debrielscheaap.nl\/de\/wp-json\/wp\/v2\/pages\/10211","targetHints":{"allow":["GET"]}}],"collection":[{"href":"https:\/\/staging.debrielscheaap.nl\/de\/wp-json\/wp\/v2\/pages"}],"about":[{"href":"https:\/\/staging.debrielscheaap.nl\/de\/wp-json\/wp\/v2\/types\/page"}],"author":[{"embeddable":true,"href":"https:\/\/staging.debrielscheaap.nl\/de\/wp-json\/wp\/v2\/users\/1"}],"replies":[{"embeddable":true,"href":"https:\/\/staging.debrielscheaap.nl\/de\/wp-json\/wp\/v2\/comments?post=10211"}],"version-history":[{"count":6,"href":"https:\/\/staging.debrielscheaap.nl\/de\/wp-json\/wp\/v2\/pages\/10211\/revisions"}],"predecessor-version":[{"id":10301,"href":"https:\/\/staging.debrielscheaap.nl\/de\/wp-json\/wp\/v2\/pages\/10211\/revisions\/10301"}],"wp:attachment":[{"href":"https:\/\/staging.debrielscheaap.nl\/de\/wp-json\/wp\/v2\/media?parent=10211"}],"curies":[{"name":"wp","href":"https:\/\/api.w.org\/{rel}","templated":true}]}}